{"id":990137,"date":"2022-02-10T16:24:55","date_gmt":"2022-02-10T15:24:55","guid":{"rendered":"https:\/\/www.metalsoul.it\/prodotto\/lampada-venere\/"},"modified":"2025-07-15T14:34:22","modified_gmt":"2025-07-15T12:34:22","slug":"lampada-venere","status":"publish","type":"product","link":"https:\/\/www.metalsoul.it\/en\/prodotto\/lampada-venere\/","title":{"rendered":"LAMPADA VENERE"},"content":{"rendered":"","protected":false},"excerpt":{"rendered":"<p>Lampada-scultura realizzata a mano, in alluminio riciclato su base in legno. Ci\u00f2 che la caratterizza \u00e8 la base in legno che d\u00e0 la diversit\u00e0 ad ogni pezzo realizzato, in quanto la grandezza, le venature esterne del legno e gli anelli saranno sempre diversi: ecco perch\u00e8 ogni pezzo \u00e8 unico ed irripetibile! La spedizione \u00e8 inclusa nel prezzo.<\/p>\n","protected":false},"featured_media":989979,"comment_status":"closed","ping_status":"closed","template":"","meta":[],"product_brand":[],"product_cat":[71],"product_tag":[],"class_list":{"0":"post-990137","1":"product","2":"type-product","3":"status-publish","4":"has-post-thumbnail","6":"product_cat-lamps","8":"first","9":"instock","10":"sold-individually","11":"shipping-taxable","12":"purchasable","13":"product-type-simple"},"yoast_head":"<!-- This site is optimized with the Yoast SEO plugin v27.6 - https:\/\/yoast.com\/product\/yoast-seo-wordpress\/ -->\n<title>LAMPADA VENERE - Metal soul<\/title>\n<meta name=\"robots\" content=\"index, follow, max-snippet:-1, max-image-preview:large, max-video-preview:-1\" \/>\n<link rel=\"canonical\" href=\"https:\/\/www.metalsoul.it\/en\/prodotto\/lampada-venere\/\" \/>\n<meta property=\"og:locale\" content=\"en_US\" \/>\n<meta property=\"og:type\" content=\"article\" \/>\n<meta property=\"og:title\" content=\"LAMPADA VENERE - Metal soul\" \/>\n<meta property=\"og:description\" content=\"Lampada-scultura realizzata a mano, in alluminio riciclato su base in legno. Ci\u00f2 che la caratterizza \u00e8 la base in legno che d\u00e0 la diversit\u00e0 ad ogni pezzo realizzato, in quanto la grandezza, le venature esterne del legno e gli anelli saranno sempre diversi: ecco perch\u00e8 ogni pezzo \u00e8 unico ed irripetibile! La spedizione \u00e8 inclusa nel prezzo.\" \/>\n<meta property=\"og:url\" content=\"https:\/\/www.metalsoul.it\/en\/prodotto\/lampada-venere\/\" \/>\n<meta property=\"og:site_name\" content=\"Metal soul\" \/>\n<meta property=\"article:publisher\" content=\"https:\/\/www.facebook.com\/metalsoulvenezia\" \/>\n<meta property=\"article:modified_time\" content=\"2025-07-15T12:34:22+00:00\" \/>\n<meta property=\"og:image\" content=\"https:\/\/www.metalsoul.it\/wp-content\/uploads\/2022\/02\/MG_3763.jpg\" \/>\n\t<meta property=\"og:image:width\" content=\"1333\" \/>\n\t<meta property=\"og:image:height\" content=\"2000\" \/>\n\t<meta property=\"og:image:type\" content=\"image\/jpeg\" \/>\n<meta name=\"twitter:card\" content=\"summary_large_image\" \/>\n<script type=\"application\/ld+json\" class=\"yoast-schema-graph\">{\"@context\":\"https:\\\/\\\/schema.org\",\"@graph\":[{\"@type\":\"WebPage\",\"@id\":\"https:\\\/\\\/www.metalsoul.it\\\/en\\\/prodotto\\\/lampada-venere\\\/\",\"url\":\"https:\\\/\\\/www.metalsoul.it\\\/en\\\/prodotto\\\/lampada-venere\\\/\",\"name\":\"LAMPADA VENERE - Metal soul\",\"isPartOf\":{\"@id\":\"https:\\\/\\\/www.metalsoul.it\\\/en\\\/#website\"},\"primaryImageOfPage\":{\"@id\":\"https:\\\/\\\/www.metalsoul.it\\\/en\\\/prodotto\\\/lampada-venere\\\/#primaryimage\"},\"image\":{\"@id\":\"https:\\\/\\\/www.metalsoul.it\\\/en\\\/prodotto\\\/lampada-venere\\\/#primaryimage\"},\"thumbnailUrl\":\"https:\\\/\\\/www.metalsoul.it\\\/wp-content\\\/uploads\\\/2022\\\/02\\\/MG_3763.jpg\",\"datePublished\":\"2022-02-10T15:24:55+00:00\",\"dateModified\":\"2025-07-15T12:34:22+00:00\",\"breadcrumb\":{\"@id\":\"https:\\\/\\\/www.metalsoul.it\\\/en\\\/prodotto\\\/lampada-venere\\\/#breadcrumb\"},\"inLanguage\":\"en-US\",\"potentialAction\":[{\"@type\":\"ReadAction\",\"target\":[\"https:\\\/\\\/www.metalsoul.it\\\/en\\\/prodotto\\\/lampada-venere\\\/\"]}]},{\"@type\":\"ImageObject\",\"inLanguage\":\"en-US\",\"@id\":\"https:\\\/\\\/www.metalsoul.it\\\/en\\\/prodotto\\\/lampada-venere\\\/#primaryimage\",\"url\":\"https:\\\/\\\/www.metalsoul.it\\\/wp-content\\\/uploads\\\/2022\\\/02\\\/MG_3763.jpg\",\"contentUrl\":\"https:\\\/\\\/www.metalsoul.it\\\/wp-content\\\/uploads\\\/2022\\\/02\\\/MG_3763.jpg\",\"width\":1333,\"height\":2000},{\"@type\":\"BreadcrumbList\",\"@id\":\"https:\\\/\\\/www.metalsoul.it\\\/en\\\/prodotto\\\/lampada-venere\\\/#breadcrumb\",\"itemListElement\":[{\"@type\":\"ListItem\",\"position\":1,\"name\":\"Home\",\"item\":\"https:\\\/\\\/www.metalsoul.it\\\/en\\\/\"},{\"@type\":\"ListItem\",\"position\":2,\"name\":\"Creations\",\"item\":\"https:\\\/\\\/www.metalsoul.it\\\/en\\\/creations\\\/\"},{\"@type\":\"ListItem\",\"position\":3,\"name\":\"LAMPADA VENERE\"}]},{\"@type\":\"WebSite\",\"@id\":\"https:\\\/\\\/www.metalsoul.it\\\/en\\\/#website\",\"url\":\"https:\\\/\\\/www.metalsoul.it\\\/en\\\/\",\"name\":\"Metal soul\",\"description\":\"Handcraft Jewelry &amp; creations\",\"publisher\":{\"@id\":\"https:\\\/\\\/www.metalsoul.it\\\/en\\\/#organization\"},\"potentialAction\":[{\"@type\":\"SearchAction\",\"target\":{\"@type\":\"EntryPoint\",\"urlTemplate\":\"https:\\\/\\\/www.metalsoul.it\\\/en\\\/?s={search_term_string}\"},\"query-input\":{\"@type\":\"PropertyValueSpecification\",\"valueRequired\":true,\"valueName\":\"search_term_string\"}}],\"inLanguage\":\"en-US\"},{\"@type\":\"Organization\",\"@id\":\"https:\\\/\\\/www.metalsoul.it\\\/en\\\/#organization\",\"name\":\"Metalsoul di Stefania Chinello\",\"url\":\"https:\\\/\\\/www.metalsoul.it\\\/en\\\/\",\"logo\":{\"@type\":\"ImageObject\",\"inLanguage\":\"en-US\",\"@id\":\"https:\\\/\\\/www.metalsoul.it\\\/en\\\/#\\\/schema\\\/logo\\\/image\\\/\",\"url\":\"https:\\\/\\\/www.metalsoul.it\\\/wp-content\\\/uploads\\\/2021\\\/11\\\/logo_rame.svg\",\"contentUrl\":\"https:\\\/\\\/www.metalsoul.it\\\/wp-content\\\/uploads\\\/2021\\\/11\\\/logo_rame.svg\",\"width\":217,\"height\":105,\"caption\":\"Metalsoul di Stefania Chinello\"},\"image\":{\"@id\":\"https:\\\/\\\/www.metalsoul.it\\\/en\\\/#\\\/schema\\\/logo\\\/image\\\/\"},\"sameAs\":[\"https:\\\/\\\/www.facebook.com\\\/metalsoulvenezia\",\"https:\\\/\\\/www.instagram.com\\\/metalsoulvenezia\\\/\"]}]}<\/script>\n<!-- \/ Yoast SEO plugin. -->","yoast_head_json":{"title":"LAMPADA VENERE - Metal soul","robots":{"index":"index","follow":"follow","max-snippet":"max-snippet:-1","max-image-preview":"max-image-preview:large","max-video-preview":"max-video-preview:-1"},"canonical":"https:\/\/www.metalsoul.it\/en\/prodotto\/lampada-venere\/","og_locale":"en_US","og_type":"article","og_title":"LAMPADA VENERE - Metal soul","og_description":"Lampada-scultura realizzata a mano, in alluminio riciclato su base in legno. Ci\u00f2 che la caratterizza \u00e8 la base in legno che d\u00e0 la diversit\u00e0 ad ogni pezzo realizzato, in quanto la grandezza, le venature esterne del legno e gli anelli saranno sempre diversi: ecco perch\u00e8 ogni pezzo \u00e8 unico ed irripetibile! La spedizione \u00e8 inclusa nel prezzo.","og_url":"https:\/\/www.metalsoul.it\/en\/prodotto\/lampada-venere\/","og_site_name":"Metal soul","article_publisher":"https:\/\/www.facebook.com\/metalsoulvenezia","article_modified_time":"2025-07-15T12:34:22+00:00","og_image":[{"width":1333,"height":2000,"url":"https:\/\/www.metalsoul.it\/wp-content\/uploads\/2022\/02\/MG_3763.jpg","type":"image\/jpeg"}],"twitter_card":"summary_large_image","schema":{"@context":"https:\/\/schema.org","@graph":[{"@type":"WebPage","@id":"https:\/\/www.metalsoul.it\/en\/prodotto\/lampada-venere\/","url":"https:\/\/www.metalsoul.it\/en\/prodotto\/lampada-venere\/","name":"LAMPADA VENERE - Metal soul","isPartOf":{"@id":"https:\/\/www.metalsoul.it\/en\/#website"},"primaryImageOfPage":{"@id":"https:\/\/www.metalsoul.it\/en\/prodotto\/lampada-venere\/#primaryimage"},"image":{"@id":"https:\/\/www.metalsoul.it\/en\/prodotto\/lampada-venere\/#primaryimage"},"thumbnailUrl":"https:\/\/www.metalsoul.it\/wp-content\/uploads\/2022\/02\/MG_3763.jpg","datePublished":"2022-02-10T15:24:55+00:00","dateModified":"2025-07-15T12:34:22+00:00","breadcrumb":{"@id":"https:\/\/www.metalsoul.it\/en\/prodotto\/lampada-venere\/#breadcrumb"},"inLanguage":"en-US","potentialAction":[{"@type":"ReadAction","target":["https:\/\/www.metalsoul.it\/en\/prodotto\/lampada-venere\/"]}]},{"@type":"ImageObject","inLanguage":"en-US","@id":"https:\/\/www.metalsoul.it\/en\/prodotto\/lampada-venere\/#primaryimage","url":"https:\/\/www.metalsoul.it\/wp-content\/uploads\/2022\/02\/MG_3763.jpg","contentUrl":"https:\/\/www.metalsoul.it\/wp-content\/uploads\/2022\/02\/MG_3763.jpg","width":1333,"height":2000},{"@type":"BreadcrumbList","@id":"https:\/\/www.metalsoul.it\/en\/prodotto\/lampada-venere\/#breadcrumb","itemListElement":[{"@type":"ListItem","position":1,"name":"Home","item":"https:\/\/www.metalsoul.it\/en\/"},{"@type":"ListItem","position":2,"name":"Creations","item":"https:\/\/www.metalsoul.it\/en\/creations\/"},{"@type":"ListItem","position":3,"name":"LAMPADA VENERE"}]},{"@type":"WebSite","@id":"https:\/\/www.metalsoul.it\/en\/#website","url":"https:\/\/www.metalsoul.it\/en\/","name":"Metal soul","description":"Handcraft Jewelry &amp; creations","publisher":{"@id":"https:\/\/www.metalsoul.it\/en\/#organization"},"potentialAction":[{"@type":"SearchAction","target":{"@type":"EntryPoint","urlTemplate":"https:\/\/www.metalsoul.it\/en\/?s={search_term_string}"},"query-input":{"@type":"PropertyValueSpecification","valueRequired":true,"valueName":"search_term_string"}}],"inLanguage":"en-US"},{"@type":"Organization","@id":"https:\/\/www.metalsoul.it\/en\/#organization","name":"Metalsoul di Stefania Chinello","url":"https:\/\/www.metalsoul.it\/en\/","logo":{"@type":"ImageObject","inLanguage":"en-US","@id":"https:\/\/www.metalsoul.it\/en\/#\/schema\/logo\/image\/","url":"https:\/\/www.metalsoul.it\/wp-content\/uploads\/2021\/11\/logo_rame.svg","contentUrl":"https:\/\/www.metalsoul.it\/wp-content\/uploads\/2021\/11\/logo_rame.svg","width":217,"height":105,"caption":"Metalsoul di Stefania Chinello"},"image":{"@id":"https:\/\/www.metalsoul.it\/en\/#\/schema\/logo\/image\/"},"sameAs":["https:\/\/www.facebook.com\/metalsoulvenezia","https:\/\/www.instagram.com\/metalsoulvenezia\/"]}]}},"_links":{"self":[{"href":"https:\/\/www.metalsoul.it\/en\/wp-json\/wp\/v2\/product\/990137","targetHints":{"allow":["GET"]}}],"collection":[{"href":"https:\/\/www.metalsoul.it\/en\/wp-json\/wp\/v2\/product"}],"about":[{"href":"https:\/\/www.metalsoul.it\/en\/wp-json\/wp\/v2\/types\/product"}],"replies":[{"embeddable":true,"href":"https:\/\/www.metalsoul.it\/en\/wp-json\/wp\/v2\/comments?post=990137"}],"wp:featuredmedia":[{"embeddable":true,"href":"https:\/\/www.metalsoul.it\/en\/wp-json\/wp\/v2\/media\/989979"}],"wp:attachment":[{"href":"https:\/\/www.metalsoul.it\/en\/wp-json\/wp\/v2\/media?parent=990137"}],"wp:term":[{"taxonomy":"product_brand","embeddable":true,"href":"https:\/\/www.metalsoul.it\/en\/wp-json\/wp\/v2\/product_brand?post=990137"},{"taxonomy":"product_cat","embeddable":true,"href":"https:\/\/www.metalsoul.it\/en\/wp-json\/wp\/v2\/product_cat?post=990137"},{"taxonomy":"product_tag","embeddable":true,"href":"https:\/\/www.metalsoul.it\/en\/wp-json\/wp\/v2\/product_tag?post=990137"}],"curies":[{"name":"wp","href":"https:\/\/api.w.org\/{rel}","templated":true}]}}